{"id":12,"date":"2020-10-08T18:12:33","date_gmt":"2020-10-08T18:12:33","guid":{"rendered":"https:\/\/drocersa.com.pe\/es\/?page_id=12"},"modified":"2022-07-04T12:28:52","modified_gmt":"2022-07-04T17:28:52","slug":"home","status":"publish","type":"page","link":"https:\/\/drocersa.com.pe\/es\/","title":{"rendered":"Home"},"content":{"rendered":"<div id='layer_slider_1'  class='avia-layerslider main_color avia-shadow  avia-builder-el-0  el_before_av_section  avia-builder-el-first  container_wrap sidebar_right' style='  height: 681px; max-width: 1280px; margin: 0 auto;' ><\/div>\n<div id='av_section_1'  class='avia-section main_color avia-section-large avia-no-border-styling  avia-bg-style-scroll  avia-builder-el-1  el_after_av_layerslider  el_before_av_section   container_wrap sidebar_right' style=' '  ><div class='container' ><div class='template-page content  av-content-small alpha units'><div class='post-entry post-entry-type-page post-entry-12'><div class='entry-content-wrapper clearfix'>\n<div class=\"flex_column av_one_full  flex_column_div av-zero-column-padding first  avia-builder-el-2  el_before_av_one_full  avia-builder-el-first  \" style='border-radius:0px; '><p><div  style='padding-bottom:20px; color:#8bcede;' class='av-special-heading av-special-heading-h5 custom-color-heading blockquote modern-quote modern-centered  '><h5 class='av-special-heading-tag '  itemprop=\"headline\"  >DROCERSA<\/h5><div class='special-heading-border'><div class='special-heading-inner-border' style='border-color:#8bcede'><\/div><\/div><\/div><br \/>\n<section class=\"av_textblock_section \"  itemscope=\"itemscope\" itemtype=\"https:\/\/schema.org\/CreativeWork\" ><div class='avia_textblock  av_inherit_color  av-medium-font-size-overwrite av-medium-font-size-18 av-small-font-size-overwrite av-small-font-size-18'  style='color:#666666; '  itemprop=\"text\" ><p style=\"text-align: center;\"><strong><span style=\"font-family: Arial, Helvetica, sans-serif; font-size: 26pt; line-height: 25pt;\">M\u00e1s de 4 d\u00e9cadas abasteciendo de insumos qu\u00edmicos,<br \/>\nmaquinarias para la industria farmac\u00e9utica cosm\u00e9tica, alimentaria,<br \/>\nveterinaria e industrial.<\/span><\/strong><\/p>\n<\/div><\/section><\/p><\/div><\/div><\/div><\/div><!-- close content main div --><\/div><\/div><div id='av_section_2'  class='avia-section main_color avia-section-default avia-no-border-styling  avia-full-stretch av-parallax-section avia-bg-style-parallax   av-minimum-height av-minimum-height-35  container_wrap sidebar_right' style=' '  data-section-bg-repeat='stretch' data-av_minimum_height_pc='35'><div class='av-parallax' data-avia-parallax-ratio='0.3' ><div class='av-parallax-inner main_color  avia-full-stretch' style = 'background-repeat: no-repeat; background-image: url(https:\/\/drocersa.com.pe\/es\/wp-content\/uploads\/2020\/10\/BG_NUMEROS-ANIMADOS.jpg);background-attachment: scroll; background-position: center center; ' ><\/div><\/div><div class='container' ><div class='template-page content  av-content-small alpha units'><div class='post-entry post-entry-type-page post-entry-12'><div class='entry-content-wrapper clearfix'>\n<div class=\"flex_column av_one_fourth  flex_column_div av-zero-column-padding first  \" style='border-radius:0px; '><p><div  id=\"animados\"  class=\"avia-animated-number av-force-default-color  avia-color-font-light  avia_animate_when_visible\"  data-timer=\"3000\"><strong class=\"heading avia-animated-number-title\" ><span class=\"avia-single-number __av-single-number\" data-number_format=\"\" data-number=\"48\" data-start_from=\"0\">48<\/span><\/strong><div class='avia-animated-number-content' style='font-size:12px;'><p>A\u00d1OS DE EXPERIENCIA<\/p>\n<\/div><\/div><br \/>\n<div  style=' margin-top:10px; margin-bottom:10px;'  class='hr hr-custom hr-left hr-icon-no  '><span class='hr-inner  inner-border-av-border-thin' style=' width:30px; border-color:#8bcede;' ><span class='hr-inner-style'><\/span><\/span><\/div><\/p><\/div><div class=\"flex_column av_one_fourth  flex_column_div av-zero-column-padding   \" style='border-radius:0px; '><p><div  id=\"animados\"  class=\"avia-animated-number av-force-default-color  avia-color-font-light  avia_animate_when_visible\"  data-timer=\"3000\"><strong class=\"heading avia-animated-number-title\" ><span class=\"avia-single-number __av-single-number\" data-number_format=\"\" data-number=\"25\" data-start_from=\"0\">25<\/span><\/strong><div class='avia-animated-number-content' style='font-size:12px;'><p>SOCIOS ESTRAT\u00c9GICOS<\/p>\n<\/div><\/div><br \/>\n<div  style=' margin-top:10px; margin-bottom:10px;'  class='hr hr-custom hr-left hr-icon-no  '><span class='hr-inner  inner-border-av-border-thin' style=' width:30px; border-color:#8bcede;' ><span class='hr-inner-style'><\/span><\/span><\/div><\/p><\/div><div class=\"flex_column av_one_fourth  flex_column_div av-zero-column-padding   \" style='border-radius:0px; '><p><div  id=\"animados\"  class=\"avia-animated-number av-force-default-color  avia-color-font-light  avia_animate_when_visible\"  data-timer=\"3000\"><strong class=\"heading avia-animated-number-title\" ><span class=\"avia-single-number __av-single-number\" data-number_format=\"\" data-number=\"600\" data-start_from=\"0\">600<\/span><\/strong><div class='avia-animated-number-content' style='font-size:12px;'><p>INSUMOS QU\u00cdMICOS<\/p>\n<\/div><\/div><br \/>\n<div  style=' margin-top:10px; margin-bottom:10px;'  class='hr hr-custom hr-left hr-icon-no  '><span class='hr-inner  inner-border-av-border-thin' style=' width:30px; border-color:#8bcede;' ><span class='hr-inner-style'><\/span><\/span><\/div><\/p><\/div><div class=\"flex_column av_one_fourth  flex_column_div av-zero-column-padding   \" style='border-radius:0px; '><p><div  id=\"animados\"  class=\"avia-animated-number av-force-default-color  avia-color-font-light  avia_animate_when_visible\"  data-timer=\"3000\"><strong class=\"heading avia-animated-number-title\" ><span class=\"avia-no-number\">ISO <\/span><span class=\"avia-single-number __av-single-number\" data-number_format=\"\" data-number=\"9001\" data-start_from=\"0\">9001<\/span><\/strong><div class='avia-animated-number-content' style='font-size:12px;'><p>CERTIFICADOS DESDE 2010<\/p>\n<\/div><\/div><br \/>\n<div  style=' margin-top:10px; margin-bottom:10px;'  class='hr hr-custom hr-left hr-icon-no  '><span class='hr-inner  inner-border-av-border-thin' style=' width:30px; border-color:#8bcede;' ><span class='hr-inner-style'><\/span><\/span><\/div><\/p><\/div>\n<\/div><\/div><\/div><!-- close content main div --><\/div><\/div><div id='after_section_2'  class='main_color av_default_container_wrap container_wrap sidebar_right' style=' '  ><div class='container' ><div class='template-page content  av-content-small alpha units'><div class='post-entry post-entry-type-page post-entry-12'><div class='entry-content-wrapper clearfix'><\/p>\n<div class=\"flex_column av_one_full  flex_column_div av-zero-column-padding first  \" style='border-radius:0px; '><p><div  style='padding-bottom:20px; color:#8bcede;' class='av-special-heading av-special-heading-h5 custom-color-heading blockquote modern-quote modern-centered  '><h5 class='av-special-heading-tag '  itemprop=\"headline\"  >SOLUCIONES A NEGOCIOS<\/h5><div class='special-heading-border'><div class='special-heading-inner-border' style='border-color:#8bcede'><\/div><\/div><\/div><br \/>\n<section class=\"av_textblock_section \"  itemscope=\"itemscope\" itemtype=\"https:\/\/schema.org\/CreativeWork\" ><div class='avia_textblock  av_inherit_color  av-medium-font-size-overwrite av-medium-font-size-18 av-small-font-size-overwrite av-small-font-size-18'  style='color:#666666; '  itemprop=\"text\" ><p style=\"text-align: center;\"><strong><span style=\"font-family: Arial, Helvetica, sans-serif; font-size: 26pt; line-height: 25pt;\">Tenemos una soluci\u00f3n para su industria.<\/span><\/strong><\/p>\n<\/div><\/section><\/p><\/div><div id='av-masonry-1' class='av-masonry  noHover av-fixed-size av-no-gap av-hover-overlay-active av-masonry-animation-active av-masonry-col-4 av-caption-on-hover av-caption-style-overlay  av-orientation-portrait-large  '  ><div class='av-masonry-container isotope av-js-disabled ' ><div class='av-masonry-entry isotope-item av-masonry-item-no-image '><\/div><a href=\"https:\/\/drocersa.com.pe\/es\/entrada-01\/\"  id='av-masonry-1-item-1' data-av-masonry-item='1' class='av-masonry-entry isotope-item post-1 post type-post status-publish format-standard has-post-thumbnail hentry category-industrial  av-masonry-item-with-image' title=\"Webinar Seppic\"  itemscope=\"itemscope\" itemtype=\"https:\/\/schema.org\/CreativeWork\" ><div class='av-inner-masonry-sizer'><\/div><figure class='av-inner-masonry main_color'><div class=\"av-masonry-outerimage-container\"><div class=\"av-masonry-image-container\" style=\"background-image: url(https:\/\/drocersa.com.pe\/es\/wp-content\/uploads\/2020\/10\/HAIRCARE-webinar_Seppic_Drocersa_entrada.fw_-e1657728190711.png);\" title=\"Webinar Seppic\"  alt=\"Webinar Seppic\" ><\/div><\/div><figcaption class='av-inner-masonry-content site-background'><div class='av-inner-masonry-content-pos'><div class='av-inner-masonry-content-pos-content'><div class='avia-arrow'><\/div><h3 class='av-masonry-entry-title entry-title '  itemprop=\"headline\" >Hair Care Webinar: Un vistazo a las tendencias globales<\/h3><div class='av-masonry-entry-content entry-content'  itemprop=\"text\" >De la mano de nuestra representada SEPPIC (Francia), los invitamos a participar de nuestro \u201cHair Care Webinar: Un vistazo a las tendencias globales\u201d donde presentaremos algunas tendencias del mercado actual en el cuidado del cabello.<br \/>\nEl evento se realizar\u00e1 el jueves 21 y viernes 22 de Julio en la plataforma Zoom.<\/div><span class='av-masonry-date meta-color updated'><\/span><span class=\"av-masonry-text-sep text-sep-author\">\/<\/span><span class='av-masonry-author meta-color author'><span class='fn'>por drocersa<\/span><\/span><\/div><\/div><\/figcaption><\/figure><\/a><!--end av-masonry entry--><\/div><\/div><\/p>\n","protected":false},"excerpt":{"rendered":"","protected":false},"author":1,"featured_media":0,"parent":0,"menu_order":0,"comment_status":"closed","ping_status":"closed","template":"","meta":{"spay_email":""},"_links":{"self":[{"href":"https:\/\/drocersa.com.pe\/es\/wp-json\/wp\/v2\/pages\/12"}],"collection":[{"href":"https:\/\/drocersa.com.pe\/es\/wp-json\/wp\/v2\/pages"}],"about":[{"href":"https:\/\/drocersa.com.pe\/es\/wp-json\/wp\/v2\/types\/page"}],"author":[{"embeddable":true,"href":"https:\/\/drocersa.com.pe\/es\/wp-json\/wp\/v2\/users\/1"}],"replies":[{"embeddable":true,"href":"https:\/\/drocersa.com.pe\/es\/wp-json\/wp\/v2\/comments?post=12"}],"version-history":[{"count":33,"href":"https:\/\/drocersa.com.pe\/es\/wp-json\/wp\/v2\/pages\/12\/revisions"}],"predecessor-version":[{"id":1394,"href":"https:\/\/drocersa.com.pe\/es\/wp-json\/wp\/v2\/pages\/12\/revisions\/1394"}],"wp:attachment":[{"href":"https:\/\/drocersa.com.pe\/es\/wp-json\/wp\/v2\/media?parent=12"}],"curies":[{"name":"wp","href":"https:\/\/api.w.org\/{rel}","templated":true}]}}